{"id":5569,"date":"2021-07-14T14:54:38","date_gmt":"2021-07-14T12:54:38","guid":{"rendered":"https:\/\/www.kelmis.be\/?page_id=5569"},"modified":"2021-07-16T09:54:07","modified_gmt":"2021-07-16T07:54:07","slug":"athenee-cesar-franck-la-calamine-ecole-secondaire","status":"publish","type":"page","link":"https:\/\/www.kelmis.be\/fr\/vie-communale\/education\/athenee-cesar-franck-la-calamine-ecole-secondaire","title":{"rendered":"Ath\u00e9n\u00e9e C\u00e9sar Franck La Calamine \u2013 \u00c9cole secondaire"},"content":{"rendered":"","protected":false},"excerpt":{"rendered":"","protected":false},"author":1,"featured_media":0,"parent":5535,"menu_order":73,"comment_status":"closed","ping_status":"closed","template":"default.php","meta":{"_acf_changed":false,"footnotes":""},"class_list":["post-5569","page","type-page","status-publish","hentry"],"acf":[],"_links":{"self":[{"href":"https:\/\/www.kelmis.be\/fr\/wp-json\/wp\/v2\/pages\/5569","targetHints":{"allow":["GET"]}}],"collection":[{"href":"https:\/\/www.kelmis.be\/fr\/wp-json\/wp\/v2\/pages"}],"about":[{"href":"https:\/\/www.kelmis.be\/fr\/wp-json\/wp\/v2\/types\/page"}],"author":[{"embeddable":true,"href":"https:\/\/www.kelmis.be\/fr\/wp-json\/wp\/v2\/users\/1"}],"replies":[{"embeddable":true,"href":"https:\/\/www.kelmis.be\/fr\/wp-json\/wp\/v2\/comments?post=5569"}],"version-history":[{"count":7,"href":"https:\/\/www.kelmis.be\/fr\/wp-json\/wp\/v2\/pages\/5569\/revisions"}],"predecessor-version":[{"id":5914,"href":"https:\/\/www.kelmis.be\/fr\/wp-json\/wp\/v2\/pages\/5569\/revisions\/5914"}],"up":[{"embeddable":true,"href":"https:\/\/www.kelmis.be\/fr\/wp-json\/wp\/v2\/pages\/5535"}],"wp:attachment":[{"href":"https:\/\/www.kelmis.be\/fr\/wp-json\/wp\/v2\/media?parent=5569"}],"curies":[{"name":"wp","href":"https:\/\/api.w.org\/{rel}","templated":true}]}}