{"id":18896,"date":"2026-03-16T11:49:24","date_gmt":"2026-03-16T10:49:24","guid":{"rendered":"https:\/\/www.kelmis.be\/?page_id=18896"},"modified":"2026-04-23T21:30:48","modified_gmt":"2026-04-23T19:30:48","slug":"taxe-municipale-sur-les-logements-locatifs-a-faible-rendement-energetique","status":"publish","type":"page","link":"https:\/\/www.kelmis.be\/fr\/documents-demandes\/taxe-municipale-sur-les-logements-locatifs-a-faible-rendement-energetique","title":{"rendered":"Taxe municipale sur les logements locatifs \u00e0 faible rendement \u00e9nerg\u00e9tique"},"content":{"rendered":"","protected":false},"excerpt":{"rendered":"","protected":false},"author":2,"featured_media":0,"parent":5073,"menu_order":28,"comment_status":"closed","ping_status":"closed","template":"default.php","meta":{"_acf_changed":false,"footnotes":""},"class_list":["post-18896","page","type-page","status-publish","hentry"],"acf":[],"_links":{"self":[{"href":"https:\/\/www.kelmis.be\/fr\/wp-json\/wp\/v2\/pages\/18896","targetHints":{"allow":["GET"]}}],"collection":[{"href":"https:\/\/www.kelmis.be\/fr\/wp-json\/wp\/v2\/pages"}],"about":[{"href":"https:\/\/www.kelmis.be\/fr\/wp-json\/wp\/v2\/types\/page"}],"author":[{"embeddable":true,"href":"https:\/\/www.kelmis.be\/fr\/wp-json\/wp\/v2\/users\/2"}],"replies":[{"embeddable":true,"href":"https:\/\/www.kelmis.be\/fr\/wp-json\/wp\/v2\/comments?post=18896"}],"version-history":[{"count":14,"href":"https:\/\/www.kelmis.be\/fr\/wp-json\/wp\/v2\/pages\/18896\/revisions"}],"predecessor-version":[{"id":19205,"href":"https:\/\/www.kelmis.be\/fr\/wp-json\/wp\/v2\/pages\/18896\/revisions\/19205"}],"up":[{"embeddable":true,"href":"https:\/\/www.kelmis.be\/fr\/wp-json\/wp\/v2\/pages\/5073"}],"wp:attachment":[{"href":"https:\/\/www.kelmis.be\/fr\/wp-json\/wp\/v2\/media?parent=18896"}],"curies":[{"name":"wp","href":"https:\/\/api.w.org\/{rel}","templated":true}]}}